{"id":4190,"date":"2023-03-30T17:50:58","date_gmt":"2023-03-30T17:50:58","guid":{"rendered":"https:\/\/www.technikexpert.de\/de\/?page_id=4190"},"modified":"2024-11-06T10:38:25","modified_gmt":"2024-11-06T10:38:25","slug":"impressum","status":"publish","type":"page","link":"https:\/\/www.technikexpert.de\/de\/impressum\/","title":{"rendered":"Impressum"},"content":{"rendered":"<p><!--TechnikExpert\nInselallee 3 \n01723 Wilsdruff\nDeutschland\n\nTelefon: +49 351 41721381\nFax: +49 351 417213819\nE-Mail:\u00a0<a href=\"https:\/\/www.machineryparts.de\/impressum\/#\">info@technikexpert.de<\/a>\n\nInhaber: Yuriy Kolyev\n\nZust\u00e4ndiges Finanzamt: Dresden III\nUSt-IdNr.: DE243515786\n\n\n<h4>Unsere Bankverbindung:<\/h4>\n\n\nKontoinhaber: Yuriy Kolyev\nKontonummer: 8727661\nBLZ: 87070024\nKreditinstitut: Deutsche Bank\nSWIFT: DEUTDEDBCHE\nIBAN: DE51 8707 0024 0872 7661 00\n\nSie erreichen unseren Kundendienst f\u00fcr Fragen Reklamationen und Beanstandungen unter Telefon: +49 351 41721381 sowie per Email unter\u00a0<a href=\"https:\/\/www.machineryparts.de\/impressum\/#\">info@technikexpert.de<\/a>. F\u00fcr Anfragen k\u00f6nnen Sie auch das Kontaktformular auf unserer Internetseite nutzen.--><\/p>\n<h4>Urheber- und Kennzeichenrecht<\/h4>\n<p>Der Autor ist bestrebt, in allen Publikationen die Urheberrechte der verwendeten Bilder, Grafiken, Tondokumente, Videosequenzen und Texte zu beachten, von ihm selbst erstellte Bilder, Grafiken, Tondokumente, Videosequenzen und Texte zu nutzen oder auf lizenzfreie Grafiken, Tondokumente, Videosequenzen und Texte zur\u00fcckzugreifen. Alle innerhalb des Internetangebotes genannten und ggf. durch Dritte gesch\u00fctzten Marken- und Warenzeichen unterliegen uneingeschr\u00e4nkt den Bestimmungen des jeweils g\u00fcltigen Kennzeichenrechts und den Besitzrechten der jeweiligen eingetragenen Eigent\u00fcmer. Allein aufgrund der blo\u00dfen Nennung ist nicht der Schluss zu ziehen, dass Markenzeichen nicht durch Rechte Dritter gesch\u00fctzt sind! Das Copyright f\u00fcr ver\u00f6ffentlichte, vom Autor selbst erstellte Objekte bleibt allein beim Autor der Seiten. Eine Vervielf\u00e4ltigung oder Verwendung solcher Grafiken, Tondokumente, Videosequenzen und Texte in anderen elektronischen oder gedruckten Publikationen ist ohne ausdr\u00fcckliche Zustimmung des Autors nicht gestattet.<\/p>\n<p>Online-Streitbeilegung gem\u00e4\u00df Art. 14 Abs. 1 ODR-VO: Die Europ\u00e4ische Kommission stellt eine Plattform zur Online-Streitbeilegung (OS) bereit, die Sie unter\u00a0<a href=\"http:\/\/ec.europa.eu\/consumers\/odr\/\" target=\"_blank\" rel=\"noopener\">http:\/\/ec.europa.eu\/consumers\/odr\/<\/a>\u00a0finden.<\/p>\n","protected":false},"excerpt":{"rendered":"<p>Urheber- und Kennzeichenrecht Der Autor ist bestrebt, in allen Publikationen die Urheberrechte der verwendeten Bilder, Grafiken, Tondokumente, &hellip; <a href=\"https:\/\/www.technikexpert.de\/de\/impressum\/\" class=\"more-link\"><span class=\"screen-reader-text\">&#8222;Impressum&#8220; <\/span>weiterlesen<\/a><\/p>\n","protected":false},"author":3,"featured_media":0,"parent":0,"menu_order":0,"comment_status":"closed","ping_status":"closed","template":"templates\/impressum-page.php","meta":{"footnotes":""},"class_list":["post-4190","page","type-page","status-publish","hentry"],"aioseo_notices":[],"_links":{"self":[{"href":"https:\/\/www.technikexpert.de\/de\/wp-json\/wp\/v2\/pages\/4190","targetHints":{"allow":["GET"]}}],"collection":[{"href":"https:\/\/www.technikexpert.de\/de\/wp-json\/wp\/v2\/pages"}],"about":[{"href":"https:\/\/www.technikexpert.de\/de\/wp-json\/wp\/v2\/types\/page"}],"author":[{"embeddable":true,"href":"https:\/\/www.technikexpert.de\/de\/wp-json\/wp\/v2\/users\/3"}],"replies":[{"embeddable":true,"href":"https:\/\/www.technikexpert.de\/de\/wp-json\/wp\/v2\/comments?post=4190"}],"version-history":[{"count":8,"href":"https:\/\/www.technikexpert.de\/de\/wp-json\/wp\/v2\/pages\/4190\/revisions"}],"predecessor-version":[{"id":4279,"href":"https:\/\/www.technikexpert.de\/de\/wp-json\/wp\/v2\/pages\/4190\/revisions\/4279"}],"wp:attachment":[{"href":"https:\/\/www.technikexpert.de\/de\/wp-json\/wp\/v2\/media?parent=4190"}],"curies":[{"name":"wp","href":"https:\/\/api.w.org\/{rel}","templated":true}]}}